{"id":14,"date":"2023-05-27T20:18:02","date_gmt":"2023-05-27T18:18:02","guid":{"rendered":"https:\/\/nobitume.fr\/?page_id=14"},"modified":"2024-03-29T17:57:01","modified_gmt":"2024-03-29T16:57:01","slug":"le-projet","status":"publish","type":"page","link":"https:\/\/nobitume.fr\/index.php\/le-projet\/","title":{"rendered":"Le Projet"},"content":{"rendered":"\n<h2 class=\"wp-block-heading has-luminous-vivid-orange-background-color has-background has-x-large-font-size\" style=\"font-style:normal;font-weight:700\"><strong>Le Projet :<\/strong><\/h2>\n\n\n\n<p class=\"has-text-align-left\">La communaut\u00e9 d\u2019agglom\u00e9ration de Gaillac-Graulhet (CAGG) et son pr\u00e9sident Paul Salvador pr\u00e9sentent le projet comme :<strong>                                                             \u00ab un projet n\u00e9cessaire, ambitieux et de qualit\u00e9 \u00bb.<\/strong><\/p>\n\n\n\n<p>Ce projet n\u2019est&nbsp;:<\/p>\n\n\n\n<h2 class=\"wp-block-heading has-large-font-size\"><strong><em>Ni n\u00e9cessaire<\/em><\/strong><\/h2>\n\n\n\n<ul class=\"wp-block-list\">\n<li>Il y a d\u00e9j\u00e0 600 centrales d\u00e9j\u00e0 pr\u00e9sentes en France&nbsp;: 1<sup>er<\/sup> pays <em>de l&rsquo;Union Europ\u00e9enne<\/em>, et l&rsquo;ensemble de ces centrales sont suffisantes pour couvrir l&rsquo;ensemble du r\u00e9seau routiers fran\u00e7ais avec 1 million de kilom\u00e8tres de routes (dont 9000 kms d&rsquo;autoroutes) ; <\/li>\n\n\n\n<li>Il ne serait cr\u00e9ateur que de trois \u00e0 quatre emplois et mettrait en danger les 100 emplois de l\u2019usine de fabrication de pain (\u00ab&nbsp;Les ateliers du pain&nbsp;\u00bb) situ\u00e9es \u00e0 300&nbsp;m de l&rsquo;usine&nbsp;;<\/li>\n\n\n\n<li>Il mettrait en danger les activit\u00e9s viticoles et agricoles \u00e0 proximit\u00e9&nbsp;;<\/li>\n\n\n\n<li>Il r\u00e9duirait l\u2019activit\u00e9 touristique et la valeur immobili\u00e8re des maisons&nbsp;;<\/li>\n\n\n\n<li>La commune de Lisle-sur-Tarn (3 km) est consid\u00e9r\u00e9e dans ce dossier comme non concern\u00e9e alors qu\u2019elle est labellis\u00e9e \u00ab&nbsp;Petite Cit\u00e9 de Caract\u00e8re&nbsp;\u00bb et qu\u2019elle a \u00e9t\u00e9 reconnue \u00ab&nbsp;Site Patrimonial Remarquable&nbsp;\u00bb par le minist\u00e8re de la Culture en Mars 2023&nbsp;;<\/li>\n\n\n\n<li>\u00c0 l\u2019heure de la transition \u00e9cologique, qui est une urgence vitale, <strong>pourquoi vouloir construire toujours plus de routes et faire circuler plus de camions<\/strong>&nbsp;?<\/li>\n\n\n\n<li>On nous dit que la centrale servirait pour les routes communales de Lisle-sur-Tarn, Montans, Peyrole&#8230; Non l&rsquo;enrob\u00e9 \u00e0 chaud est pos\u00e9 sur des axes prioritaires (cat\u00e9gorie 1 ou 2), sur des routes larges sans obstacle (cf Vrai ou Faux)<\/li>\n<\/ul>\n\n\n\n<figure class=\"wp-block-image size-large\"><img fetchpriority=\"high\" decoding=\"async\" width=\"1024\" height=\"574\" src=\"https:\/\/nobitume.fr\/wp-content\/uploads\/2024\/03\/Capture-decran-2024-03-29-175606-1024x574.png\" alt=\"\" class=\"wp-image-1150\" srcset=\"https:\/\/nobitume.fr\/wp-content\/uploads\/2024\/03\/Capture-decran-2024-03-29-175606-1024x574.png 1024w, https:\/\/nobitume.fr\/wp-content\/uploads\/2024\/03\/Capture-decran-2024-03-29-175606-300x168.png 300w, https:\/\/nobitume.fr\/wp-content\/uploads\/2024\/03\/Capture-decran-2024-03-29-175606-768x431.png 768w, https:\/\/nobitume.fr\/wp-content\/uploads\/2024\/03\/Capture-decran-2024-03-29-175606-1536x861.png 1536w, https:\/\/nobitume.fr\/wp-content\/uploads\/2024\/03\/Capture-decran-2024-03-29-175606.png 1912w\" sizes=\"(max-width: 1024px) 100vw, 1024px\" \/><\/figure>\n\n\n\n<h2 class=\"wp-block-heading has-large-font-size\"><strong><em>Ni de qualit\u00e9<\/em><\/strong><\/h2>\n\n\n\n<ul class=\"wp-block-list\">\n<li>Pollution de l\u2019air, de l\u2019eau, des sols (mol\u00e9cules canc\u00e9rig\u00e8nes, HAP)&nbsp;;<\/li>\n\n\n\n<li>Nuages de fum\u00e9e, avec des retomb\u00e9es de particules ;<\/li>\n\n\n\n<li>Odeurs, incendie&nbsp;;<\/li>\n\n\n\n<li>Retomb\u00e9es d\u2019hydrocarbures&nbsp;;<\/li>\n\n\n\n<li>Circulation aggrav\u00e9e (camions).<\/li>\n<\/ul>\n\n\n\n<p>Aucune centrale n\u2019est sans danger&nbsp;: Pour exemple la centrale de Lafenasse (81) arr\u00eat\u00e9 du  17\/04\/2023 (rejets d\u2019eau non conformes), Gragnague incendie, odeurs (arr\u00eat\u00e9 juillet 2023), Sainte Magnance explosion (arr\u00eat\u00e9 octobre 2023)&#8230; <\/p>\n\n\n\n<ul class=\"wp-block-list\">\n<li>Impact autour de Montans et Lisle-sur-Tarn ;<\/li>\n<\/ul>\n\n\n\n<figure class=\"wp-block-image aligncenter size-full\"><img decoding=\"async\" width=\"744\" height=\"502\" src=\"https:\/\/nobitume.fr\/wp-content\/uploads\/2023\/09\/Capture-decran-2023-09-05-a-22.37.49.png\" alt=\"\" class=\"wp-image-402\" srcset=\"https:\/\/nobitume.fr\/wp-content\/uploads\/2023\/09\/Capture-decran-2023-09-05-a-22.37.49.png 744w, https:\/\/nobitume.fr\/wp-content\/uploads\/2023\/09\/Capture-decran-2023-09-05-a-22.37.49-300x202.png 300w\" sizes=\"(max-width: 744px) 100vw, 744px\" \/><figcaption class=\"wp-element-caption\"><strong><mark style=\"background-color:rgba(0, 0, 0, 0)\" class=\"has-inline-color has-foreground-color\">Zone autour de la Future usine de Montans<\/mark><\/strong><\/figcaption><\/figure>\n\n\n\n<ul class=\"wp-block-list\">\n<li>Impact autour des \u00e9coles ;<\/li>\n<\/ul>\n\n\n\n<figure class=\"wp-block-image size-full\"><img decoding=\"async\" width=\"899\" height=\"634\" src=\"https:\/\/nobitume.fr\/wp-content\/uploads\/2023\/11\/Capture-decran-2023-11-05-a-21.11.06.png\" alt=\"\" class=\"wp-image-625\" srcset=\"https:\/\/nobitume.fr\/wp-content\/uploads\/2023\/11\/Capture-decran-2023-11-05-a-21.11.06.png 899w, https:\/\/nobitume.fr\/wp-content\/uploads\/2023\/11\/Capture-decran-2023-11-05-a-21.11.06-300x212.png 300w, https:\/\/nobitume.fr\/wp-content\/uploads\/2023\/11\/Capture-decran-2023-11-05-a-21.11.06-768x542.png 768w\" sizes=\"(max-width: 899px) 100vw, 899px\" \/><\/figure>\n\n\n\n<ul class=\"wp-block-list\">\n<li>Risques autour de la centrale de Montans (Dossier consultation publique P51)<\/li>\n<\/ul>\n\n\n\n<figure class=\"wp-block-image size-full\"><img loading=\"lazy\" decoding=\"async\" width=\"877\" height=\"571\" src=\"https:\/\/nobitume.fr\/wp-content\/uploads\/2023\/11\/Capture-decran-2023-11-17-a-15.49.15.png\" alt=\"\" class=\"wp-image-742\" srcset=\"https:\/\/nobitume.fr\/wp-content\/uploads\/2023\/11\/Capture-decran-2023-11-17-a-15.49.15.png 877w, https:\/\/nobitume.fr\/wp-content\/uploads\/2023\/11\/Capture-decran-2023-11-17-a-15.49.15-300x195.png 300w, https:\/\/nobitume.fr\/wp-content\/uploads\/2023\/11\/Capture-decran-2023-11-17-a-15.49.15-768x500.png 768w\" sizes=\"(max-width: 877px) 100vw, 877px\" \/><\/figure>\n\n\n\n<figure class=\"wp-block-image size-full\"><img loading=\"lazy\" decoding=\"async\" width=\"881\" height=\"576\" src=\"https:\/\/nobitume.fr\/wp-content\/uploads\/2023\/11\/Capture-decran-2023-11-17-a-15.56.52.png\" alt=\"\" class=\"wp-image-743\" srcset=\"https:\/\/nobitume.fr\/wp-content\/uploads\/2023\/11\/Capture-decran-2023-11-17-a-15.56.52.png 881w, https:\/\/nobitume.fr\/wp-content\/uploads\/2023\/11\/Capture-decran-2023-11-17-a-15.56.52-300x196.png 300w, https:\/\/nobitume.fr\/wp-content\/uploads\/2023\/11\/Capture-decran-2023-11-17-a-15.56.52-768x502.png 768w\" sizes=\"(max-width: 881px) 100vw, 881px\" \/><\/figure>\n\n\n\n<ul class=\"wp-block-list\">\n<li>Circulation aggrav\u00e9e,  entre 30 \u00e0 50 rotations de poids lourds par jour.<\/li>\n<\/ul>\n\n\n\n<figure class=\"wp-block-image size-large\"><img loading=\"lazy\" decoding=\"async\" width=\"1024\" height=\"672\" src=\"https:\/\/nobitume.fr\/wp-content\/uploads\/2024\/03\/Capture-decran-2024-03-04-195934-1024x672.png\" alt=\"\" class=\"wp-image-1044\" srcset=\"https:\/\/nobitume.fr\/wp-content\/uploads\/2024\/03\/Capture-decran-2024-03-04-195934-1024x672.png 1024w, https:\/\/nobitume.fr\/wp-content\/uploads\/2024\/03\/Capture-decran-2024-03-04-195934-300x197.png 300w, https:\/\/nobitume.fr\/wp-content\/uploads\/2024\/03\/Capture-decran-2024-03-04-195934-768x504.png 768w, https:\/\/nobitume.fr\/wp-content\/uploads\/2024\/03\/Capture-decran-2024-03-04-195934-1536x1008.png 1536w, https:\/\/nobitume.fr\/wp-content\/uploads\/2024\/03\/Capture-decran-2024-03-04-195934.png 1541w\" sizes=\"(max-width: 1024px) 100vw, 1024px\" \/><\/figure>\n\n\n\n<p><br><br>Pour v\u00e9rifier que la vie aupr\u00e8s d\u2019une centrale \u00e0 bitume n\u2019est pas souhaitable, vous pouvez consulter les sites suivants&nbsp;:<\/p>\n\n\n\n<ul class=\"wp-block-list\">\n<li><a href=\"https:\/\/stopenrobe81.fr\/\" target=\"_blank\" rel=\"noreferrer noopener\"><u>https:\/\/stopenrobe81.fr<\/u><\/a> <\/li>\n\n\n\n<li><a href=\"https:\/\/nature-vie-coteaux.org\/\" target=\"_blank\" rel=\"noreferrer noopener\">https:\/\/nature-vie-coteaux.org\/<\/a><\/li>\n\n\n\n<li><a href=\"https:\/\/facebook.com\/air.pastel.montans\/\" target=\"_blank\" rel=\"noreferrer noopener\"><u>https:\/\/facebook.com\/air.pastel.montans\/<\/u><\/a><\/li>\n\n\n\n<li><a href=\"https:\/\/www.lauragais-sansbitume.fr\/\" target=\"_blank\" rel=\"noreferrer noopener\">https:\/\/www.lauragais-<\/a><a rel=\"noreferrer noopener\" href=\"https:\/\/www.lauragais-sansbitume.fr\/\" target=\"_blank\">sansbitume<\/a><a href=\"https:\/\/www.lauragais-sansbitume.fr\/\">.fr\/<\/a><\/li>\n<\/ul>\n\n\n\n<p><\/p>\n\n\n\n<p><\/p>\n\n\n\n<hr class=\"wp-block-separator has-alpha-channel-opacity\"\/>\n\n\n\n<div class=\"wp-block-buttons is-content-justification-center is-layout-flex wp-container-core-buttons-is-layout-a89b3969 wp-block-buttons-is-layout-flex\">\n<div class=\"wp-block-button\"><a class=\"wp-block-button__link wp-element-button\">Soutenez-nous financi\u00e8rement <\/a><\/div>\n<\/div>\n","protected":false},"excerpt":{"rendered":"<p>Le Projet : La communaut\u00e9 d\u2019agglom\u00e9ration de Gaillac-Graulhet (CAGG) et son pr\u00e9sident Paul Salvador pr\u00e9sentent le projet comme : \u00ab un projet n\u00e9cessaire, ambitieux et de qualit\u00e9 \u00bb. Ce projet n\u2019est&nbsp;: Ni n\u00e9cessaire Ni de qualit\u00e9 Aucune centrale n\u2019est sans danger&nbsp;: Pour exemple la centrale de Lafenasse (81) arr\u00eat\u00e9 du 17\/04\/2023 (rejets d\u2019eau non conformes), [&hellip;]<\/p>\n","protected":false},"author":1,"featured_media":0,"parent":0,"menu_order":0,"comment_status":"closed","ping_status":"closed","template":"","meta":{"footnotes":""},"class_list":["post-14","page","type-page","status-publish","hentry"],"_links":{"self":[{"href":"https:\/\/nobitume.fr\/index.php\/wp-json\/wp\/v2\/pages\/14","targetHints":{"allow":["GET"]}}],"collection":[{"href":"https:\/\/nobitume.fr\/index.php\/wp-json\/wp\/v2\/pages"}],"about":[{"href":"https:\/\/nobitume.fr\/index.php\/wp-json\/wp\/v2\/types\/page"}],"author":[{"embeddable":true,"href":"https:\/\/nobitume.fr\/index.php\/wp-json\/wp\/v2\/users\/1"}],"replies":[{"embeddable":true,"href":"https:\/\/nobitume.fr\/index.php\/wp-json\/wp\/v2\/comments?post=14"}],"version-history":[{"count":30,"href":"https:\/\/nobitume.fr\/index.php\/wp-json\/wp\/v2\/pages\/14\/revisions"}],"predecessor-version":[{"id":1151,"href":"https:\/\/nobitume.fr\/index.php\/wp-json\/wp\/v2\/pages\/14\/revisions\/1151"}],"wp:attachment":[{"href":"https:\/\/nobitume.fr\/index.php\/wp-json\/wp\/v2\/media?parent=14"}],"curies":[{"name":"wp","href":"https:\/\/api.w.org\/{rel}","templated":true}]}}