{"id":10,"date":"2023-05-27T20:17:30","date_gmt":"2023-05-27T18:17:30","guid":{"rendered":"https:\/\/nobitume.fr\/?page_id=10"},"modified":"2024-07-23T19:09:30","modified_gmt":"2024-07-23T17:09:30","slug":"qui-sommes-nous","status":"publish","type":"page","link":"https:\/\/nobitume.fr\/index.php\/qui-sommes-nous\/","title":{"rendered":"Qui sommes-nous ?"},"content":{"rendered":"\n<h3 class=\"wp-block-heading has-x-large-font-size\" style=\"font-style:normal;font-weight:600\"><strong>Qui sommes-nous ?<\/strong><\/h3>\n\n\n\n<p><strong>COLLECTIF NO BITUME<\/strong><\/p>\n\n\n\n<p>Le collectif a \u00e9t\u00e9 cr\u00e9\u00e9 en 2023 <strong>(NO BITUME)<\/strong> par les habitantes et les habitants des communes concern\u00e9es pour r\u00e9unir les forces et exprimer un refus cat\u00e9gorique de ce projet qui compromet l&rsquo;avenir de nos enfants&nbsp;: Des actions ont \u00e9t\u00e9 engag\u00e9es, juridiques, r\u00e9unions publiques, marche et rassemblement&#8230;<\/p>\n\n\n\n<p>Ce collectif s\u2019appuie sur deux associations locales&nbsp;: \u00ab&nbsp;<strong>Lisle Environnement<\/strong>&nbsp;\u00bb et \u00ab&nbsp;<strong>Air Pastel<\/strong>&nbsp;\u00bb.<\/p>\n\n\n\n<p>Si vous souhaitez rejoindre le mouvement, vous pouvez nous contacter via le formulaire<br><\/p>\n\n\n\n<p><strong><u>Nous vous sollicitons<\/u><\/strong> pour vous joindre \u00e0 nous pour que le projet d&rsquo;usine ne voie pas le jour.<\/p>\n\n\n\n<p>Nous avons besoin de fonds pour continuer \u00e0 engager des actions rapides. Pour cela vous pouvez faire un ou plusieurs dons qui permettront d&rsquo;engager les actions les plus importantes.<\/p>\n\n\n\n<p>Ce genre de combat est souvent long et nous aurons besoin de votre soutien sur toute la dur\u00e9e de l\u2019action. Vous pouvez opter pour un virement r\u00e9gulier sur une p\u00e9riodicit\u00e9 de votre choix&nbsp;\u00bb<\/p>\n\n\n\n<p class=\"has-text-align-center\"><strong>Parlez de cette cagnotte \u00e0 tout votre entourage, car c\u2019est le nombre qui fera notre force.<\/strong><\/p>\n\n\n\n<p><strong>Pour information&nbsp;:&nbsp;<\/strong><\/p>\n\n\n\n<p>Le projet est port\u00e9 par la soci\u00e9t\u00e9 \u00ab&nbsp;MEP&nbsp;\u00bb&nbsp;(Mat\u00e9riaux et Enrob\u00e9s du Pastel) form\u00e9e par l\u2019association des soci\u00e9t\u00e9s Laclau et NGE. (Entreprises de travaux publics, l\u2019une r\u00e9gionale, l\u2019autre nationale).&nbsp;<br>NGE fait partie du groupement ATOSCA qui a obtenu la concession de la future autoroute A69 (Toulouse-Castres).<\/p>\n\n\n\n<h3 class=\"wp-block-heading has-x-large-font-size\" style=\"font-style:normal;font-weight:600\">Nos diff\u00e9rentes commissions :<\/h3>\n\n\n\n<p>M\u00e9dias \/ communication \/ r\u00e9daction<\/p>\n\n\n\n<p>Juridique<\/p>\n\n\n\n<p>Actions<\/p>\n\n\n\n<p>Tractage \/ boitage<\/p>\n\n\n\n<p>Num\u00e9rique<\/p>\n\n\n\n<p>Camions<\/p>\n\n\n\n<p>Intercollectifs  Liens avec d&rsquo;autres collectifs \/ Stop enrob\u00e9 81 (Lafenasse) \/ Nature et vie sur les coteaux (Gragnague) \/ Lauragais sans bitume \/ LVEL \/ Puylaurens sans bitume \/ RPI sans bitumes \/ Saint-germain sans bitume <\/p>\n\n\n\n<div class=\"wp-block-buttons is-layout-flex wp-block-buttons-is-layout-flex\">\n<div class=\"wp-block-button\"><a class=\"wp-block-button__link wp-element-button\" href=\"https:\/\/www.helloasso.com\/associations\/collectif-no-bitume-asso-lisle-environnement\/formulaires\/1\">Soutenez-nous financi\u00e8rement<\/a><\/div>\n\n\n\n<div class=\"wp-block-button\"><a class=\"wp-block-button__link wp-element-button\" href=\"https:\/\/www.change.org\/p\/non-%C3%A0-la-centrale-%C3%A0-bitume-sur-la-commune-de-montans-lieu-dit-garrigue-longue\">Signez la p\u00e9tition <\/a><\/div>\n<\/div>\n","protected":false},"excerpt":{"rendered":"<p>Qui sommes-nous ? COLLECTIF NO BITUME Le collectif a \u00e9t\u00e9 cr\u00e9\u00e9 en 2023 (NO BITUME) par les habitantes et les habitants des communes concern\u00e9es pour r\u00e9unir les forces et exprimer un refus cat\u00e9gorique de ce projet qui compromet l&rsquo;avenir de nos enfants&nbsp;: Des actions ont \u00e9t\u00e9 engag\u00e9es, juridiques, r\u00e9unions publiques, marche et rassemblement&#8230; Ce collectif [&hellip;]<\/p>\n","protected":false},"author":1,"featured_media":0,"parent":0,"menu_order":0,"comment_status":"closed","ping_status":"closed","template":"","meta":{"footnotes":""},"class_list":["post-10","page","type-page","status-publish","hentry"],"_links":{"self":[{"href":"https:\/\/nobitume.fr\/index.php\/wp-json\/wp\/v2\/pages\/10","targetHints":{"allow":["GET"]}}],"collection":[{"href":"https:\/\/nobitume.fr\/index.php\/wp-json\/wp\/v2\/pages"}],"about":[{"href":"https:\/\/nobitume.fr\/index.php\/wp-json\/wp\/v2\/types\/page"}],"author":[{"embeddable":true,"href":"https:\/\/nobitume.fr\/index.php\/wp-json\/wp\/v2\/users\/1"}],"replies":[{"embeddable":true,"href":"https:\/\/nobitume.fr\/index.php\/wp-json\/wp\/v2\/comments?post=10"}],"version-history":[{"count":20,"href":"https:\/\/nobitume.fr\/index.php\/wp-json\/wp\/v2\/pages\/10\/revisions"}],"predecessor-version":[{"id":1293,"href":"https:\/\/nobitume.fr\/index.php\/wp-json\/wp\/v2\/pages\/10\/revisions\/1293"}],"wp:attachment":[{"href":"https:\/\/nobitume.fr\/index.php\/wp-json\/wp\/v2\/media?parent=10"}],"curies":[{"name":"wp","href":"https:\/\/api.w.org\/{rel}","templated":true}]}}